{"id":135,"date":"2021-05-12T11:36:55","date_gmt":"2021-05-12T11:36:55","guid":{"rendered":"http:\/\/danielherrerasanchez.tech\/?page_id=135"},"modified":"2026-01-07T20:59:24","modified_gmt":"2026-01-07T20:59:24","slug":"home","status":"publish","type":"page","link":"https:\/\/danielherrerasanchez.tech\/","title":{"rendered":"Daniel Herrera S\u00e1nchez Senior Software Engineer &#038; Community Builder"},"content":{"rendered":"\n<div class=\"wp-block-cover alignfull\" style=\"min-height:100vh;aspect-ratio:unset;\"><img loading=\"lazy\" decoding=\"async\" width=\"1024\" height=\"683\" class=\"wp-block-cover__image-background wp-image-634\" alt=\"\" src=\"http:\/\/danielherrerasanchez.tech\/wp-content\/uploads\/2026\/01\/VER01850-1024x683.jpg\" data-object-fit=\"cover\" srcset=\"https:\/\/danielherrerasanchez.tech\/wp-content\/uploads\/2026\/01\/VER01850-1024x683.jpg 1024w, https:\/\/danielherrerasanchez.tech\/wp-content\/uploads\/2026\/01\/VER01850-300x200.jpg 300w, https:\/\/danielherrerasanchez.tech\/wp-content\/uploads\/2026\/01\/VER01850-768x512.jpg 768w, https:\/\/danielherrerasanchez.tech\/wp-content\/uploads\/2026\/01\/VER01850-1536x1024.jpg 1536w, https:\/\/danielherrerasanchez.tech\/wp-content\/uploads\/2026\/01\/VER01850-2048x1365.jpg 2048w\" sizes=\"auto, (max-width: 1024px) 100vw, 1024px\" \/><span aria-hidden=\"true\" class=\"wp-block-cover__background has-background-dim\"><\/span><div class=\"wp-block-cover__inner-container is-layout-flow wp-block-cover-is-layout-flow\">\n<div class=\"wp-block-columns is-layout-flex wp-container-core-columns-is-layout-28f84493 wp-block-columns-is-layout-flex\">\n<div class=\"wp-block-column is-layout-flow wp-block-column-is-layout-flow\" style=\"flex-basis:100%\">\n<p class=\"has-text-align-center has-ast-global-color-0-color has-text-color has-link-color has-large-font-size wp-elements-8f2a560d6234b8395ad906e765e9ac2a\">Daniel Herrera S\u00e1nchez Senior Software Engineer &amp; Community Builder<\/p>\n\n\n\n<p class=\"has-ast-global-color-0-color has-text-color has-link-color has-medium-font-size wp-elements-5e2e063cdad8f6e5b297114c361da31c\">Quiero inspirar a que m\u00e1s personas encuentren en la tecnolog\u00eda un camino de libertad, comunidad y creaci\u00f3n con impacto real en sus vidas y en la de los dem\u00e1s.<\/p>\n<\/div>\n<\/div>\n<\/div><\/div>\n\n\n\n<div class=\"wp-block-columns is-layout-flex wp-container-core-columns-is-layout-28f84493 wp-block-columns-is-layout-flex\">\n<div class=\"wp-block-column is-layout-flow wp-block-column-is-layout-flow\">\n<figure class=\"wp-block-image size-full\"><img loading=\"lazy\" decoding=\"async\" width=\"500\" height=\"500\" src=\"https:\/\/danielherrerasanchez.tech\/wp-content\/uploads\/2026\/01\/weincode-morado-1.png\" alt=\"\" class=\"wp-image-650\" srcset=\"https:\/\/danielherrerasanchez.tech\/wp-content\/uploads\/2026\/01\/weincode-morado-1.png 500w, https:\/\/danielherrerasanchez.tech\/wp-content\/uploads\/2026\/01\/weincode-morado-1-300x300.png 300w, https:\/\/danielherrerasanchez.tech\/wp-content\/uploads\/2026\/01\/weincode-morado-1-150x150.png 150w\" sizes=\"auto, (max-width: 500px) 100vw, 500px\" \/><\/figure>\n<\/div>\n\n\n\n<div class=\"wp-block-column is-vertically-aligned-center is-layout-flow wp-block-column-is-layout-flow\">\n<p>Por eso cree Weincode<\/p>\n\n\n\n<p>Weincode es una comunidad que contiene contenido gratuito y apalanca comunidades en tecnolog\u00eda. <\/p>\n\n\n\n<h4 class=\"wp-block-heading has-text-color has-link-color wp-elements-fef19048e30fcf8446a7d8bd1f1c6187\" style=\"color:#5727a3\"><strong>40K+<\/strong> Estudiantes impactados en Weincode<\/h4>\n\n\n\n<p>\u00bfDeseas conocer nuestra comunidad?<\/p>\n\n\n\n<div class=\"wp-block-buttons is-layout-flex wp-block-buttons-is-layout-flex\">\n<div class=\"wp-block-button\"><a class=\"wp-block-button__link wp-element-button\" href=\"https:\/\/weincode.dev\/\">\u00a1Conocer m\u00e1s !<\/a><\/div>\n<\/div>\n<\/div>\n<\/div>\n\n\n\n<div class=\"wp-block-columns alignfull has-background is-layout-flex wp-container-core-columns-is-layout-3f020ea0 wp-block-columns-is-layout-flex\" style=\"background-color:#5727a3;margin-top:0;margin-bottom:0;padding-top:var(--wp--preset--spacing--60);padding-right:var(--wp--preset--spacing--80);padding-bottom:var(--wp--preset--spacing--60);padding-left:var(--wp--preset--spacing--80)\">\n<div class=\"wp-block-column is-layout-flow wp-block-column-is-layout-flow\">\n<h4 class=\"wp-block-heading has-ast-global-color-0-color has-text-color has-link-color wp-elements-9d0bcf1ecd32cfcbec4617b7a4cc8375\">Habilidades T\u00e9cnicas<\/h4>\n\n\n\n<figure class=\"wp-block-image size-large is-resized is-style-rounded\"><img loading=\"lazy\" decoding=\"async\" width=\"987\" height=\"1024\" src=\"http:\/\/danielherrerasanchez.tech\/wp-content\/uploads\/2026\/01\/foto-redes-987x1024.jpg\" alt=\"\" class=\"wp-image-625\" style=\"aspect-ratio:0.9638607682706976;width:300px;height:auto\" srcset=\"https:\/\/danielherrerasanchez.tech\/wp-content\/uploads\/2026\/01\/foto-redes-987x1024.jpg 987w, https:\/\/danielherrerasanchez.tech\/wp-content\/uploads\/2026\/01\/foto-redes-289x300.jpg 289w, https:\/\/danielherrerasanchez.tech\/wp-content\/uploads\/2026\/01\/foto-redes-768x797.jpg 768w, https:\/\/danielherrerasanchez.tech\/wp-content\/uploads\/2026\/01\/foto-redes-1481x1536.jpg 1481w, https:\/\/danielherrerasanchez.tech\/wp-content\/uploads\/2026\/01\/foto-redes-1974x2048.jpg 1974w\" sizes=\"auto, (max-width: 987px) 100vw, 987px\" \/><\/figure>\n<\/div>\n\n\n\n<div class=\"wp-block-column is-vertically-aligned-center is-layout-flow wp-block-column-is-layout-flow\">\n<figure class=\"wp-block-table aligncenter is-style-regular\"><table class=\"has-ast-global-color-0-color has-ast-global-color-3-background-color has-text-color has-background has-link-color has-fixed-layout\"><tbody><tr><td class=\"has-text-align-center\" data-align=\"center\"><strong>Tecnolog\u00eda<\/strong><\/td><td class=\"has-text-align-center\" data-align=\"center\"><strong>Habilidad<\/strong><\/td><\/tr><tr><td class=\"has-text-align-center\" data-align=\"center\">Flutter  \ud83d\udd35<\/td><td class=\"has-text-align-center\" data-align=\"center\">+6 a\u00f1os<\/td><\/tr><tr><td class=\"has-text-align-center\" data-align=\"center\">Angular \ud83d\udfe3<\/td><td class=\"has-text-align-center\" data-align=\"center\">+8 a\u00f1os<\/td><\/tr><tr><td class=\"has-text-align-center\" data-align=\"center\">IA \u2727<\/td><td class=\"has-text-align-center\" data-align=\"center\">+10 a\u00f1os<\/td><\/tr><tr><td class=\"has-text-align-center\" data-align=\"center\">Liderazgo \ud83e\udd1c\ud83e\udd1b<\/td><td class=\"has-text-align-center\" data-align=\"center\">+6 a\u00f1os<\/td><\/tr><\/tbody><\/table><\/figure>\n<\/div>\n<\/div>\n\n\n\n<pre class=\"wp-block-verse has-text-align-center has-large-font-size\" style=\"border-top-left-radius:32px;border-top-right-radius:32px;border-bottom-left-radius:32px;border-bottom-right-radius:32px;margin-top:var(--wp--preset--spacing--60);margin-bottom:var(--wp--preset--spacing--60)\">\u00bfQuieres hablar conmigo?<br>Escr\u00edbeme al correo : <a href=\"mailto:danielherresan@gmail.com\">danielherresan@gmail.com<\/a><\/pre>\n\n\n\n<p><\/p>\n","protected":false},"excerpt":{"rendered":"<p>Por eso cree Weincode Weincode es una comunidad que contiene contenido gratuito y apalanca comunidades en tecnolog\u00eda. 40K+ Estudiantes impactados en Weincode \u00bfDeseas conocer nuestra comunidad? Habilidades T\u00e9cnicas Tecnolog\u00eda Habilidad Flutter \ud83d\udd35 +6 a\u00f1os Angular \ud83d\udfe3 +8 a\u00f1os IA \u2727 +10 a\u00f1os Liderazgo \ud83e\udd1c\ud83e\udd1b +6 a\u00f1os \u00bfQuieres hablar conmigo?Escr\u00edbeme al correo : danielherresan@gmail.com<\/p>\n","protected":false},"author":1,"featured_media":634,"parent":0,"menu_order":0,"comment_status":"closed","ping_status":"closed","template":"","meta":{"_monsterinsights_skip_tracking":false,"_monsterinsights_sitenote_active":false,"_monsterinsights_sitenote_note":"","_monsterinsights_sitenote_category":0,"site-sidebar-layout":"no-sidebar","site-content-layout":"plain-container","ast-global-header-display":"","ast-main-header-display":"","ast-hfb-above-header-display":"","ast-hfb-below-header-display":"","ast-hfb-mobile-header-display":"","site-post-title":"disabled","ast-breadcrumbs-content":"","ast-featured-img":"disabled","footer-sml-layout":"","theme-transparent-header-meta":"enabled","adv-header-id-meta":"","stick-header-meta":"","header-above-stick-meta":"","header-main-stick-meta":"","header-below-stick-meta":"","footnotes":""},"class_list":["post-135","page","type-page","status-publish","has-post-thumbnail","hentry"],"_links":{"self":[{"href":"https:\/\/danielherrerasanchez.tech\/index.php?rest_route=\/wp\/v2\/pages\/135","targetHints":{"allow":["GET"]}}],"collection":[{"href":"https:\/\/danielherrerasanchez.tech\/index.php?rest_route=\/wp\/v2\/pages"}],"about":[{"href":"https:\/\/danielherrerasanchez.tech\/index.php?rest_route=\/wp\/v2\/types\/page"}],"author":[{"embeddable":true,"href":"https:\/\/danielherrerasanchez.tech\/index.php?rest_route=\/wp\/v2\/users\/1"}],"replies":[{"embeddable":true,"href":"https:\/\/danielherrerasanchez.tech\/index.php?rest_route=%2Fwp%2Fv2%2Fcomments&post=135"}],"version-history":[{"count":77,"href":"https:\/\/danielherrerasanchez.tech\/index.php?rest_route=\/wp\/v2\/pages\/135\/revisions"}],"predecessor-version":[{"id":689,"href":"https:\/\/danielherrerasanchez.tech\/index.php?rest_route=\/wp\/v2\/pages\/135\/revisions\/689"}],"wp:featuredmedia":[{"embeddable":true,"href":"https:\/\/danielherrerasanchez.tech\/index.php?rest_route=\/wp\/v2\/media\/634"}],"wp:attachment":[{"href":"https:\/\/danielherrerasanchez.tech\/index.php?rest_route=%2Fwp%2Fv2%2Fmedia&parent=135"}],"curies":[{"name":"wp","href":"https:\/\/api.w.org\/{rel}","templated":true}]}}